{"id":77,"date":"2018-08-01T23:56:41","date_gmt":"2018-08-01T21:56:41","guid":{"rendered":"http:\/\/www.mmxvi.fr\/?page_id=77"},"modified":"2023-05-17T15:00:07","modified_gmt":"2023-05-17T13:00:07","slug":"a-propos","status":"publish","type":"page","link":"https:\/\/www.mmxvi.fr\/","title":{"rendered":"A propos\u2026"},"content":{"rendered":"\n<p><strong>MMXVI<\/strong> est une <strong>agence de production de films<\/strong> cr\u00e9\u00e9e en 2016, <br>op\u00e9rant en France et bas\u00e9e entre Orl\u00e9ans et Paris.<\/p>\n\n\n\n<p>Nous pourrions vous parler d\u2019outils, de positionnement et de process\u2026<br>Nous pourrions afficher nos cam\u00e9ras, drones, time ou hyper lapse\u2026<br>Nous pourrions vous parlez technique 4K, HDR, ou BitRate\u2026<br>Nous pourrions vous parlez strat&rsquo;, marketing, B2B ou B2C\u2026<\/p>\n\n\n\n<p>C&rsquo;est m\u00eame fou tout ce que l&rsquo;on pourrait faire et qui serait tellement vain\u2026<br>Si nous ne commen\u00e7ions pas par <strong>VOUS<\/strong> <strong>\u00e9couter<\/strong>.<\/p>\n\n\n\n<div class=\"wp-block-group is-layout-constrained\"><div class=\"wp-block-group__inner-container\">\n<div class=\"wp-block-buttons is-content-justification-center is-layout-flex wp-container-1\">\n<div class=\"wp-block-button\"><a class=\"wp-block-button__link has-text-align-center wp-element-button\" href=\"mailto:antoine@mmxvi.fr\">Contactez-nous<\/a><\/div>\n<\/div>\n\n\n\n<div class=\"wp-block-group is-layout-constrained\"><div class=\"wp-block-group__inner-container\"><\/div><\/div>\n<\/div><\/div>\n\n\n\n<p><\/p>\n\n\n\n<p><strong>MMXVI<\/strong> est une <strong>agence de production<\/strong> cr\u00e9\u00e9e par <span style=\"text-decoration: underline;\"><a href=\"http:\/\/www.antoineag.net\">Antoine Aybes-Gille<\/a><\/span>.<\/p>\n\n\n\n<p>Dipl\u00f4m\u00e9 de l\u2019E.N.S. Louis Lumi\u00e8re en 2006,<span style=\"text-decoration: underline;\">\u00a0<a href=\"http:\/\/www.antoineag.net\"><span class=\"\">Antoine Aybes-Gille<\/span><\/a><\/span>\u00a0a d\u2019abord \u00e9t\u00e9 assistant sur des longs-m\u00e9trage de cin\u00e9ma et de publicit\u00e9.<\/p>\n\n\n\n<p>Fort de ces exp\u00e9riences, il passe ensuite \u00e0 la direction de la photographie sur divers projets de fictions courtes.<\/p>\n\n\n\n<p>Parall\u00e8lement \u00e0 ces projets de fictions, &nbsp;il exerce ses talents de chef-op\u00e9rateur, tout en d\u00e9marrant dans la r\u00e9alisation, sur des films de communication pour Orange, LaPoste, EDF, ErDF, Lanc\u00f4me, GDF, GrtGaz, CFDT, Nissan\u2026<\/p>\n\n\n\n<p>En studio ou sur le terrain, entre la fiction, la publicit\u00e9, la communication institutionnelle et le documentaire, <a href=\"http:\/\/www.antoineag.net\"><span style=\"text-decoration: underline;\">Antoine Aybes-Gille<\/span><\/a> aime \u00e0 naviguer entre les diff\u00e9rents genres et \u00e0 les faire se rencontrer.<\/p>\n\n\n\n<p>Et c&rsquo;est dans le but d&rsquo;\u00e9largir encore ces rencontres que <strong>MMXVI<\/strong> a \u00e9t\u00e9 cr\u00e9\u00e9e.<\/p>\n\n\n\n<p><em>N&rsquo;h\u00e9sitez pas \u00e0 visiter le site&nbsp;<a href=\"http:\/\/www.antoineag.net\"><span style=\"text-decoration: underline;\">www.antoineag.net<\/span><\/a> pour un aper\u00e7u de son travail d&rsquo;op\u00e9rateur et de r\u00e9alisateur.<\/em><\/p>\n\n\n\n<div class=\"wp-block-buttons is-content-justification-center is-layout-flex wp-container-4\">\n<div class=\"wp-block-button\"><a class=\"wp-block-button__link wp-element-button\">Contactez-nous<\/a><\/div>\n<\/div>\n","protected":false},"excerpt":{"rendered":"<p>MMXVI est une agence de production de films cr\u00e9\u00e9e en 2016, op\u00e9rant en France et bas\u00e9e entre Orl\u00e9ans et Paris. Nous pourrions vous parler d\u2019outils, de positionnement et de process\u2026Nous pourrions afficher nos cam\u00e9ras, drones, time ou hyper lapse\u2026Nous pourrions vous parlez technique 4K, HDR, ou BitRate\u2026Nous pourrions vous parlez strat&rsquo;, marketing, B2B ou B2C\u2026 &hellip; <\/p>\n<p class=\"link-more\"><a href=\"https:\/\/www.mmxvi.fr\/\" class=\"more-link\">Continuer la lecture<span class=\"screen-reader-text\"> de &laquo;&nbsp;A propos\u2026&nbsp;&raquo;<\/span><\/a><\/p>\n","protected":false},"author":1,"featured_media":0,"parent":0,"menu_order":0,"comment_status":"closed","ping_status":"closed","template":"","meta":[],"_links":{"self":[{"href":"https:\/\/www.mmxvi.fr\/index.php\/wp-json\/wp\/v2\/pages\/77"}],"collection":[{"href":"https:\/\/www.mmxvi.fr\/index.php\/wp-json\/wp\/v2\/pages"}],"about":[{"href":"https:\/\/www.mmxvi.fr\/index.php\/wp-json\/wp\/v2\/types\/page"}],"author":[{"embeddable":true,"href":"https:\/\/www.mmxvi.fr\/index.php\/wp-json\/wp\/v2\/users\/1"}],"replies":[{"embeddable":true,"href":"https:\/\/www.mmxvi.fr\/index.php\/wp-json\/wp\/v2\/comments?post=77"}],"version-history":[{"count":26,"href":"https:\/\/www.mmxvi.fr\/index.php\/wp-json\/wp\/v2\/pages\/77\/revisions"}],"predecessor-version":[{"id":229,"href":"https:\/\/www.mmxvi.fr\/index.php\/wp-json\/wp\/v2\/pages\/77\/revisions\/229"}],"wp:attachment":[{"href":"https:\/\/www.mmxvi.fr\/index.php\/wp-json\/wp\/v2\/media?parent=77"}],"curies":[{"name":"wp","href":"https:\/\/api.w.org\/{rel}","templated":true}]}}