{"id":37,"date":"2018-08-01T17:45:27","date_gmt":"2018-08-01T15:45:27","guid":{"rendered":"http:\/\/www.mmxvi.fr\/?page_id=37"},"modified":"2023-05-17T15:03:50","modified_gmt":"2023-05-17T13:03:50","slug":"conseil","status":"publish","type":"page","link":"https:\/\/www.mmxvi.fr\/index.php\/conseil\/","title":{"rendered":"Conseil"},"content":{"rendered":"<p><strong>MMXVI<\/strong>, fort de son exp\u00e9rience tant dans l&rsquo;\u00e9coute que dans la production, est \u00e0 m\u00eame de venir \u00e0 vos c\u00f4t\u00e9s pour discuter et vous conseiller dans vos choix strat\u00e9giques de communication, de production ou de mise en place de solutions vid\u00e9o permanentes.<\/p>\n\n\n<div class=\"wp-block-group alignfull has-text-color has-background is-layout-flow\" style=\"color:#000000;background-color:#ffffff\"><div class=\"wp-block-group__inner-container\">\n<div class=\"wp-block-buttons is-horizontal is-content-justification-center is-layout-flex wp-container-1\">\n<div class=\"wp-block-button has-custom-width wp-block-button__width-50 is-style-outline\"><a class=\"wp-block-button__link has-text-color has-background wp-element-button\" href=\"mailto:antoine@mmxvi.fr\" style=\"border-radius:50px;color:#ffffff;background-color:#000000\">Contactez-nous<\/a><\/div>\n<\/div>\n<\/div><\/div>\n\n\n\n<p><\/p>\n","protected":false},"excerpt":{"rendered":"<p>MMXVI, fort de son exp\u00e9rience tant dans l&rsquo;\u00e9coute que dans la production, est \u00e0 m\u00eame de venir \u00e0 vos c\u00f4t\u00e9s pour discuter et vous conseiller dans vos choix strat\u00e9giques de communication, de production ou de mise en place de solutions vid\u00e9o permanentes.<\/p>\n","protected":false},"author":1,"featured_media":0,"parent":0,"menu_order":0,"comment_status":"closed","ping_status":"closed","template":"","meta":[],"_links":{"self":[{"href":"https:\/\/www.mmxvi.fr\/index.php\/wp-json\/wp\/v2\/pages\/37"}],"collection":[{"href":"https:\/\/www.mmxvi.fr\/index.php\/wp-json\/wp\/v2\/pages"}],"about":[{"href":"https:\/\/www.mmxvi.fr\/index.php\/wp-json\/wp\/v2\/types\/page"}],"author":[{"embeddable":true,"href":"https:\/\/www.mmxvi.fr\/index.php\/wp-json\/wp\/v2\/users\/1"}],"replies":[{"embeddable":true,"href":"https:\/\/www.mmxvi.fr\/index.php\/wp-json\/wp\/v2\/comments?post=37"}],"version-history":[{"count":10,"href":"https:\/\/www.mmxvi.fr\/index.php\/wp-json\/wp\/v2\/pages\/37\/revisions"}],"predecessor-version":[{"id":231,"href":"https:\/\/www.mmxvi.fr\/index.php\/wp-json\/wp\/v2\/pages\/37\/revisions\/231"}],"wp:attachment":[{"href":"https:\/\/www.mmxvi.fr\/index.php\/wp-json\/wp\/v2\/media?parent=37"}],"curies":[{"name":"wp","href":"https:\/\/api.w.org\/{rel}","templated":true}]}}