{"id":102,"date":"2018-08-08T07:16:18","date_gmt":"2018-08-08T05:16:18","guid":{"rendered":"http:\/\/www.mmxvi.fr\/?page_id=102"},"modified":"2023-05-17T15:03:36","modified_gmt":"2023-05-17T13:03:36","slug":"engagement-citoyen","status":"publish","type":"page","link":"https:\/\/www.mmxvi.fr\/index.php\/engagement-citoyen\/","title":{"rendered":"Engagement citoyen"},"content":{"rendered":"<p>Depuis 2018, <strong>MMXVI<\/strong> est membre de l&rsquo;association <strong>OnePercentForThePlanet<\/strong> qui a pour but de faciliter les \u00e9changes entre m\u00e9c\u00e8nes et associations ou entreprises \u0153uvrant pour notre \u00e9co-syst\u00e8me dans sa d\u00e9finition la plus large.<\/p>\n<p><strong>MMXVI<\/strong> s&rsquo;engage via cette adh\u00e9sion \u00e0 reverser <strong>1% de son chiffre d&rsquo;affaire<\/strong> \u00e0 des organisations \u00e0 vis\u00e9es \u00e9cologiques et sociales.<\/p>\n<p>A notre \u00e9chelle, c&rsquo;est certes un petit geste, mais il est important.<\/p>\n<p>Int\u00e9ress\u00e9s ? N&rsquo;h\u00e9sitez pas \u00e0 visiter leur site internet !<\/p>\n<blockquote class=\"wp-embedded-content\" data-secret=\"8b3qlMlxQo\"><p><a href=\"https:\/\/www.onepercentfortheplanet.fr\/qui-sommes-nous\/\">Qui sommes-nous ?<\/a><\/p><\/blockquote>\n<p><iframe class=\"wp-embedded-content\" sandbox=\"allow-scripts\" security=\"restricted\" style=\"position: absolute; clip: rect(1px, 1px, 1px, 1px);\" title=\"\u00ab\u00a0Qui sommes-nous ?\u00a0\u00bb &#8212; 1% for the Planet FRANCE - Site officiel  - onepercentfortheplanet.fr\" src=\"https:\/\/www.onepercentfortheplanet.fr\/qui-sommes-nous\/embed\/#?secret=u44jxBWADV#?secret=8b3qlMlxQo\" data-secret=\"8b3qlMlxQo\" width=\"525\" height=\"296\" frameborder=\"0\" marginwidth=\"0\" marginheight=\"0\" scrolling=\"no\"><\/iframe><\/p>\n","protected":false},"excerpt":{"rendered":"<p>Depuis 2018, MMXVI est membre de l&rsquo;association OnePercentForThePlanet qui a pour but de faciliter les \u00e9changes entre m\u00e9c\u00e8nes et associations ou entreprises \u0153uvrant pour notre \u00e9co-syst\u00e8me dans sa d\u00e9finition la plus large. MMXVI s&rsquo;engage via cette adh\u00e9sion \u00e0 reverser 1% de son chiffre d&rsquo;affaire \u00e0 des organisations \u00e0 vis\u00e9es \u00e9cologiques et sociales. A notre \u00e9chelle, &hellip; <\/p>\n<p class=\"link-more\"><a href=\"https:\/\/www.mmxvi.fr\/index.php\/engagement-citoyen\/\" class=\"more-link\">Continuer la lecture<span class=\"screen-reader-text\"> de &laquo;&nbsp;Engagement citoyen&nbsp;&raquo;<\/span><\/a><\/p>\n","protected":false},"author":1,"featured_media":0,"parent":0,"menu_order":0,"comment_status":"closed","ping_status":"closed","template":"","meta":[],"_links":{"self":[{"href":"https:\/\/www.mmxvi.fr\/index.php\/wp-json\/wp\/v2\/pages\/102"}],"collection":[{"href":"https:\/\/www.mmxvi.fr\/index.php\/wp-json\/wp\/v2\/pages"}],"about":[{"href":"https:\/\/www.mmxvi.fr\/index.php\/wp-json\/wp\/v2\/types\/page"}],"author":[{"embeddable":true,"href":"https:\/\/www.mmxvi.fr\/index.php\/wp-json\/wp\/v2\/users\/1"}],"replies":[{"embeddable":true,"href":"https:\/\/www.mmxvi.fr\/index.php\/wp-json\/wp\/v2\/comments?post=102"}],"version-history":[{"count":3,"href":"https:\/\/www.mmxvi.fr\/index.php\/wp-json\/wp\/v2\/pages\/102\/revisions"}],"predecessor-version":[{"id":230,"href":"https:\/\/www.mmxvi.fr\/index.php\/wp-json\/wp\/v2\/pages\/102\/revisions\/230"}],"wp:attachment":[{"href":"https:\/\/www.mmxvi.fr\/index.php\/wp-json\/wp\/v2\/media?parent=102"}],"curies":[{"name":"wp","href":"https:\/\/api.w.org\/{rel}","templated":true}]}}